{"id":757,"date":"2025-10-30T07:08:55","date_gmt":"2025-10-30T04:08:55","guid":{"rendered":"https:\/\/farmaciauniversitara.ro\/?page_id=757"},"modified":"2025-12-19T16:41:53","modified_gmt":"2025-12-19T13:41:53","slug":"politica-de-confidentialitate","status":"publish","type":"page","link":"https:\/\/farmaciauniversitara.ro\/hu\/politica-de-confidentialitate\/","title":{"rendered":"Politica de Confiden\u021bialitate"},"content":{"rendered":"\t\t<div data-elementor-type=\"wp-page\" data-elementor-id=\"757\" class=\"elementor elementor-757 elementor-52\" data-elementor-post-type=\"page\">\n\t\t\t\t<div class=\"elementor-element elementor-element-161c5e65 e-flex e-con-boxed e-con e-parent\" data-id=\"161c5e65\" data-element_type=\"container\" data-e-type=\"container\" data-settings=\"{&quot;background_background&quot;:&quot;classic&quot;}\">\n\t\t\t\t\t<div class=\"e-con-inner\">\n\t\t\t\t<div class=\"elementor-element elementor-element-61cbf615 custom-text elementor-widget elementor-widget-text-editor\" data-id=\"61cbf615\" data-element_type=\"widget\" data-e-type=\"widget\" data-widget_type=\"text-editor.default\">\n\t\t\t\t\t\t\t\t\tUltima actualizare: Decembrie 2025\n<ol>\n \t<li><strong>Informa\u021bii generale<\/strong><\/li>\n<\/ol>\nConfiden\u021bialitatea datelor tale cu caracter personal reprezint\u0103 una dintre preocup\u0103rile principale ale Zen Pharma SRL, cu sediul \u00een T\u00e2rgu Mure\u0219, Strada PICTOR NICOLAE GRIGORESCU nr. 33, jud. Mures, \u00eenregistrat\u0103 la Registrul Comer\u021bului sub nr J2010000393260 av\u00e2nd cod fiscal CUI: 27059328. Acest document are rolul de a v\u0103 informa cu privire la prelucrarea datelor dumneavoastr\u0103 cu caracter personal, \u00een contextul utiliz\u0103rii paginii de internet www.farmaciauniversitara.ro (denumite \u00een continuare \u201eSite\u201d)\n<ol start=\"2\">\n \t<li><strong>Categoriile de date cu caracter personal prelucrate<\/strong><\/li>\n<\/ol>\nDac\u0103 sunte\u021bi vizitator al Site-ului, Zen Pharma SRL va prelucra datele dumneavoastr\u0103 cu caracter personal pe care le furniza\u021bi \u00een mod direct \u00een contextul utiliz\u0103rii Site-ului, cum ar fi datele pe care le furniza\u021bi \u00een cadrul sec\u021biunii de contact prin formularele de contact aferente sau prin trimiterea unui email c\u0103tre adresele domeniului @farmaciauniversitara.ro.\n<ol start=\"3\">\n \t<li><strong>Scopurile \u0219i temeiurile de prelucrare a datelor<\/strong><\/li>\n<\/ol>\nDac\u0103 sunte\u021bi vizitator al Site-ului,\u00a0 Zen Pharma SRL prelucreaz\u0103 datele dumneavoastr\u0103 cu caracter personal astfel:\n<ul>\n \t<li>pentru rezolvarea solicit\u0103rilor trimise prin formularul specific de contact \u0219i sau prin email \u015fi pentru monitorizarea traficului sau pentru a \u00eembun\u0103t\u0103\u0163ii experien\u021ba dumneavoastr\u0103 oferit\u0103 pe Site.<\/li>\n<\/ul>\nTemei: Prelucrarea datelor dumneavoastr\u0103 pentru acest scop are la baz\u0103 interesul legitim al Zen Pharma SRL de a asigura func\u021bionarea corect\u0103 a Site-ului, precum \u0219i pentru a \u00eembun\u0103t\u0103\u021bii permanent experien\u021ba vizitatorilor Site-ului, inclusiv prin solu\u021bionarea diferitelor \u00eentreb\u0103ri sau solicit\u0103ri trimise prin intermediul formularului de contact.\n\nFurnizarea datelor dumneavoastr\u0103 \u00een acest scop este voluntar\u0103. Refuzul furniz\u0103rii datelor pentru acest scop nu va avea urm\u0103ri negative pentru dumneavoastr\u0103.\n<ol start=\"4\">\n \t<li><strong>Durata pentru care v\u0103 prelucr\u0103m datele<\/strong><\/li>\n<\/ol>\nZen Pharma SRL prelucra datele dumneavoastr\u0103 cu caracter personal at\u00e2t c\u00e2t este necesar pentru realizarea scopurilor de prelucrare men\u021bionate la punctul 3.\n<ol start=\"5\">\n \t<li><strong>Dezv\u0103luirea datelor cu caracter personal<\/strong><\/li>\n<\/ol>\nPentru \u00eendeplinirea scopurilor de prelucrare,\u00a0administratorul www.farmaciauniversitara.ro poate dezv\u0103lui datele dumneavoastr\u0103 c\u0103tre parteneri, c\u0103tre ter\u021be persoane sau entit\u0103\u021bi care sprijin\u0103\u00a0www.farmaciauniversitara.ro \u00een desf\u0103\u0219urarea activit\u0103\u021bii prin intermediul Site-ului:\n<ul>\n \t<li>Pentru administrarea Site-ului;<\/li>\n \t<li>Pentru men\u021binerea, personalizarea \u0219i \u00eembun\u0103t\u0103\u021birea Site-ului \u0219i a serviciilor derulate prin intermediul lui;<\/li>\n \t<li>Pentru transmiterea ofertelor c\u0103tre dumnevoastr\u0103;<\/li>\n \t<li>pentru efectuarea analizei datelor, testarea \u0219i cercetarea, monitorizarea tendin\u021belor de utilizare \u0219i activitate, dezvoltarea caracteristicilor de siguran\u021b\u0103;<\/li>\n \t<li>Pentru transmiterea de comunic\u0103ri comerciale de marketing, \u00een condi\u021biile \u0219i limitele prev\u0103zute de lege;<\/li>\n \t<li>Atunci c\u00e2nd dezv\u0103luirea datelor cu caracter personal este prev\u0103zut\u0103 de lege etc;<\/li>\n<\/ul>\n<ol start=\"6\">\n \t<li><strong>Transferul datelor cu caracter personal<\/strong><\/li>\n<\/ol>\nDatele cu caracter personal furnizate c\u0103tre Zen Pharma SRL pot fi transferate \u00een afara Rom\u00e2niei. Toate aceste date vor fi transferate numai dup\u0103 acceptarea folosirii acestor date.\n<ol start=\"7\">\n \t<li><strong>Drepturile de care beneficia\u021bi<\/strong><\/li>\n<\/ol>\n\u00cen condi\u021biile prev\u0103zute de legisla\u021bia \u00een materia prelucr\u0103rii datelor cu caracter personal, \u00een calitate de persoane vizate, beneficia\u021bi de urm\u0103toarele drepturi:\n<ul>\n \t<li>dreptul la informare, respectiv dreptul de a primi detalii privind activit\u0103\u021bile de prelucrare efectuate de Zen Pharma SRL , conform celor descrise \u00een prezentul document;<\/li>\n \t<li>dreptul de acces la date, respectiv dreptul de a ob\u021bine confirmarea din partea Zen Pharma SRL cu privire la prelucrarea datelor cu caracter personal, precum \u0219i detalii privind activit\u0103\u021bile de prelucrare precum modalitatea \u00een care sunt prelucrate datele, scopul \u00een care se face prelucrarea, destinatarii sau categoriile de destinatari ai datelor;<\/li>\n \t<li>dreptul la rectificare, respectiv dreptul de a ob\u021bine corectarea, f\u0103r\u0103 \u00eent\u00e2rzieri justificate, de c\u0103tre Zen Pharma SRL a datelor cu caracter personal inexacte \/ nejustificate, precum \u0219i completarea datelor incomplete; Rectificarea\/ completarea va fi comunicat\u0103 fiec\u0103rui destinatar la care au fost transmise datele, cu excep\u021bia cazului \u00een care acest lucru se dovede\u0219te imposibil sau presupune eforturi dispropor\u021bionate.<\/li>\n \t<li>dreptul la \u0219tergerea datelor, f\u0103r\u0103 \u00eent\u00e2rzieri nejustificate, (\u201edreptul de a fi uitat\u201d), \u00een cazul in care se aplic\u0103 unul dintre urm\u0103toarele motive:\n<ul>\n \t<li>acestea nu mai sunt necesare pentru \u00eendeplinirea scopurilor pentru care au fost colectate sau prelucrate;<\/li>\n \t<li>\u00een cazul \u00een care este retras consim\u021b\u0103m\u00e2ntul \u0219i nu exist\u0103 niciun alt temei juridic pentru prelucrare;<\/li>\n \t<li>\u00een cazul \u00een care persoana vizat\u0103 se opune prelucr\u0103rii \u0219i nu exist\u0103 motive legitime care s\u0103 prevaleze;<\/li>\n \t<li>\u00een cazul \u00een care datele cu caracter personal au fost prelucrate ilegal;<\/li>\n \t<li>\u00een cazul \u00een care datele cu caracter personal trebuie \u0219terse pentru respectarea unei obliga\u021bii legale;<\/li>\n \t<li>datele cu caracter personal au fost colectate \u00een leg\u0103tur\u0103 cu oferirea de servicii ale societ\u0103\u021bii informa\u021bionale;<\/li>\n<\/ul>\n<\/li>\n<\/ul>\nEste posibil ca, \u00een urma solicit\u0103rii de \u0219tergere a datelor, Zen Pharma SRL s\u0103 anonimizeze aceste date (lipsindu-le astfel de caracterul personal) \u0219i s\u0103 continue \u00een aceste condi\u021bii prelucrarea pentru scopuri statistice.\n<ul>\n \t<li>dreptul la restric\u021bionarea prelucr\u0103rii \u00een m\u0103sura \u00een care :\n<ul>\n \t<li>persoana contest\u0103 exactitatea datelor, pe o perioad\u0103 care ne permite verificarea corectitudinii datelor;<\/li>\n \t<li>prelucrarea este ilegal\u0103, iar persoana vizat\u0103 se opune \u0219tergerii datelor cu caracter personal, solicit\u00e2nd \u00een schimb restric\u021bionarea utiliz\u0103rii lor;<\/li>\n \t<li>operatorul nu mai are nevoie de datele cu caracter personal \u00een scopul prelucr\u0103rii, dar persoana vizat\u0103 i le solicit\u0103 pentru constatarea, exercitarea sau ap\u0103rarea unui drept \u00een instan\u021b\u0103; sau persoana vizat\u0103 s-a opus prelucr\u0103rii (altele dec\u00e2t cele de marketing direct), pentru intervalul de timp \u00een care se verific\u0103 dac\u0103 drepturile legitime ale operatorului prevaleaz\u0103 asupra celor ale persoanei vizate.<\/li>\n<\/ul>\n<\/li>\n \t<li>dreptul la portabilitatea datelor, respectiv<\/li>\n<\/ul>\n<ul>\n \t<li>dreptul de a primi datele cu caracter personal \u00eentr-o modalitate structurat\u0103, folosit\u0103 \u00een mod obi\u0219nuit \u0219i \u00eentr-un format u\u0219or de citit, precum \u0219i<\/li>\n \t<li>dreptul ca aceste date s\u0103 fie transmise de c\u0103tre Zen Pharma SRL c\u0103tre alt operator de date, \u00een m\u0103sura \u00een care sunt \u00eendeplinite condi\u021biile prev\u0103zute de lege;\n<ul>\n \t<li>dreptul la opozi\u021bie \u2013 \u00een ceea ce prive\u0219te activit\u0103\u021bile de prelucrare se poate exercita prin transmiterea unei solicit\u0103ri conform celor indicate mai jos;\n<ul>\n \t<li>\u00een orice moment, din motive legate de situa\u021bia particular\u0103 \u00een care se afl\u0103 persoana vizat\u0103, ca datele care o vizeaz\u0103 s\u0103 fie prelucrate \u00een temeiul interesului legitim al Zen Pharma SRL sau \u00een temeiul interesului public, cu excep\u021bia cazurilor \u00een care Zen Pharma SRL poate demonstra c\u0103 are motive legitime \u0219i imperioase care justific\u0103 prelucarea \u0219i care prevaleaz\u0103 asupra intereselor, drepturilor \u0219i libert\u0103\u021bilor persoanelor vizate sau c\u0103 scopul este constatarea, exercitarea sau apararea unui drept \u00een instan\u021b\u0103;<\/li>\n \t<li>\u00een orice moment, \u00een mod gratuit \u0219i f\u0103r\u0103 nicio justificare, c\u0103 datele care o vizeaz\u0103 s\u0103 fie prelucrate \u00een scop de marketing direct.<\/li>\n<\/ul>\n<\/li>\n \t<li>dreptul de a nu fi supus unei decizii individuale automate, respectiv dreptul de a nu fi subiectul unei decizii luate numai pe baza unor activit\u0103\u021bi de prelucrare automate, inclusiv crearea de profiluri, care produce efecte juridice care privesc persoana vizat\u0103 sau o afecteaz\u0103 \u00een mod similar \u00eentr-o m\u0103sur\u0103 semnificativ\u0103;<\/li>\n \t<li>dreptul de a v\u0103 adresa Autorit\u0103\u0163ii Na\u0163ionale de Supraveghere a Prelucr\u0103rii Datelor cu Caracter Personal sau instan\u021belor competente, \u00een m\u0103sura \u00een care considera\u021bi necesar.<\/li>\n<\/ul>\n<\/li>\n<\/ul>\nPentru orice \u00eentreb\u0103ri suplimentare cu privire la modul \u00een care datele cu caracter personal sunt prelucrate \u0219i pentru a v\u0103 exercita drepturile men\u021bionate mai sus, v\u0103 rug\u0103m s\u0103 v\u0103 adresa\u021bi la adresa de email: <a href=\"mailto: contact@farmaciauniversitara.ro\" target=\"_blank\" rel=\"noopener noreferrer\"> contact@farmaciauniversitara.ro<\/a>\n\nPutem actualiza aceast\u0103 politic\u0103 de confiden\u021bialitate din c\u00e2nd \u00een c\u00e2nd \u0219i v\u0103 vom notifica orice modificare prin postarea noii variante pe Site-ul <a href=\"http:\/\/www.farmaciauniversitara.ro\">www.farmaciauniversitara.ro<\/a> . \u00cen cazul \u00een care ne-a\u021bi furnizat datele dumneavoastr\u0103 de contact \u0219i ne-a\u021bi autorizat s\u0103 v\u0103 contact\u0103m, v\u0103 vom anun\u021ba dac\u0103 modific\u0103m aceast\u0103 politic\u0103 de confiden\u021bialitate.\n\nV\u0103 rug\u0103m s\u0103 consulta\u021bi aceast\u0103 politic\u0103 de confiden\u021bialitate periodic pentru orice modific\u0103ri.\t\t\t\t\t\t\t\t<\/div>\n\t\t\t\t\t<\/div>\n\t\t\t\t<\/div>\n\t\t\t\t<\/div>\n\t\t","protected":false},"excerpt":{"rendered":"<p>Ultima actualizare: Decembrie 2025 Informa\u021bii generale Confiden\u021bialitatea datelor tale cu caracter personal reprezint\u0103 una dintre preocup\u0103rile principale ale Zen Pharma SRL, cu sediul \u00een T\u00e2rgu Mure\u0219, Strada PICTOR NICOLAE GRIGORESCU nr. 33, jud. Mures, \u00eenregistrat\u0103 la Registrul Comer\u021bului sub nr J2010000393260 av\u00e2nd cod fiscal CUI: 27059328. Acest document are rolul de a v\u0103 informa cu [&hellip;]<\/p>\n","protected":false},"author":1,"featured_media":0,"parent":0,"menu_order":0,"comment_status":"closed","ping_status":"closed","template":"elementor_header_footer","meta":{"footnotes":""},"class_list":["post-757","page","type-page","status-publish","hentry"],"_links":{"self":[{"href":"https:\/\/farmaciauniversitara.ro\/hu\/wp-json\/wp\/v2\/pages\/757","targetHints":{"allow":["GET"]}}],"collection":[{"href":"https:\/\/farmaciauniversitara.ro\/hu\/wp-json\/wp\/v2\/pages"}],"about":[{"href":"https:\/\/farmaciauniversitara.ro\/hu\/wp-json\/wp\/v2\/types\/page"}],"author":[{"embeddable":true,"href":"https:\/\/farmaciauniversitara.ro\/hu\/wp-json\/wp\/v2\/users\/1"}],"replies":[{"embeddable":true,"href":"https:\/\/farmaciauniversitara.ro\/hu\/wp-json\/wp\/v2\/comments?post=757"}],"version-history":[{"count":7,"href":"https:\/\/farmaciauniversitara.ro\/hu\/wp-json\/wp\/v2\/pages\/757\/revisions"}],"predecessor-version":[{"id":895,"href":"https:\/\/farmaciauniversitara.ro\/hu\/wp-json\/wp\/v2\/pages\/757\/revisions\/895"}],"wp:attachment":[{"href":"https:\/\/farmaciauniversitara.ro\/hu\/wp-json\/wp\/v2\/media?parent=757"}],"curies":[{"name":"wp","href":"https:\/\/api.w.org\/{rel}","templated":true}]}}