{"id":755,"date":"2025-10-30T06:54:47","date_gmt":"2025-10-30T03:54:47","guid":{"rendered":"https:\/\/farmaciauniversitara.ro\/?page_id=755"},"modified":"2025-12-19T16:39:41","modified_gmt":"2025-12-19T13:39:41","slug":"termeni-si-conditii","status":"publish","type":"page","link":"https:\/\/farmaciauniversitara.ro\/hu\/termeni-si-conditii\/","title":{"rendered":"Termeni \u0219i condi\u021bii"},"content":{"rendered":"\t\t<div data-elementor-type=\"wp-page\" data-elementor-id=\"755\" class=\"elementor elementor-755 elementor-32\" data-elementor-post-type=\"page\">\n\t\t\t\t<div class=\"elementor-element elementor-element-41be86a e-flex e-con-boxed e-con e-parent\" data-id=\"41be86a\" data-element_type=\"container\" data-e-type=\"container\" data-settings=\"{&quot;background_background&quot;:&quot;classic&quot;}\">\n\t\t\t\t\t<div class=\"e-con-inner\">\n\t\t\t\t<div class=\"elementor-element elementor-element-8c56186 custom-text elementor-widget elementor-widget-text-editor\" data-id=\"8c56186\" data-element_type=\"widget\" data-e-type=\"widget\" data-widget_type=\"text-editor.default\">\n\t\t\t\t\t\t\t\t\t<p>Site-ul\u00a0<strong><a href=\"https:\/\/farmaciauniversitara\/\">www.farmaciauniversitara.ro<\/a><\/strong> este proprietatea Zen Pharma SRL, cu sediul \u00een T\u00e2rgu Mure\u0219, Strada PICTOR NICOLAE GRIGORESCU nr. 33, jud. Mures, \u00eenregistrat\u0103 la Registrul Comer\u021bului sub nr J2010000393260 av\u00e2nd cod fiscal CUI: 27059328 Acest document stabile\u0219te termenii si condi\u021biile \u00een care puteti utiliza site-ul <a href=\"http:\/\/farmaciauniversitara\/\" target=\"_blank\" rel=\"noopener noreferrer\"><strong>www.farmaciauniversitara.ro<\/strong><\/a>\u00a0denumit \u00een continuare ca \u201esite\u201d.<\/p><p>Accesul si utilizarea www.farmaciauniversitara.ro se face sub autoritatea acestor reguli, \u00een termenii \u0219i condi\u021biile stabilite mai jos. Utilizarea site-ului presupune implicit acceptarea acestor termeni \u0219i condi\u021bii, cu toate consecintele care decurg din acceptarea acestora.<\/p><p>Prin termenul \u201eutilizator\u201d al acestui site se \u00eentelege orice persoana fizic\u0103 sau juridic\u0103 care va accesa acest site.<\/p><p><strong><a href=\"https:\/\/farmaciauniversitara\/\" target=\"_blank\" rel=\"noopener noreferrer\">www.farmaciauniversitara.ro<\/a><\/strong> poate adauga, elimina p\u0103r\u021bi, repozitiona, reconfigura sau modifica acest site \u00een orice moment. Materialele din acest site sunt puse la dispozi\u021bie f\u0103r\u0103 nici un fel de garan\u021bii sau obliga\u021bii.<\/p><p>www.farmaciauniversitara.ro nu raspunde de utilizarea datelor \u0219i infoma\u021biilor sau de rezultatul utilizarii acestora, de corectitudinea, acurate\u021bea sau siguran\u021ba lor. De asemenea nu r\u0103spundem \u0219i nu oferim nici un fel de garan\u021bii cu privire la func\u021bionarea ne\u00eentrerupt\u0103 \u0219i f\u0103r\u0103 inconveniente a func\u021biilor con\u021binute de acest sistem sau ca serverul care g\u0103zduie\u0219te acest site nu contine virusi sau alte componente v\u0103t\u0103matoare. V\u0103 asuma\u021bi riscul \u0219i eventualele costuri de depanare.<\/p><p>Sub nici o forma\u00a0<strong><a href=\"https:\/\/farmaciauniversitara\/\" target=\"_blank\" rel=\"noopener noreferrer\">www.farmaciauniversitara.ro<\/a><\/strong> nu va fi responsabil de nici o problem\u0103 sau posibil\u0103 paguba survenita din utilizarea incorect\u0103 sau incapacitatea de utilizare a acestui site.<\/p><p><strong>DREPTURI DE AUTOR, MARCA \u0218I PROPRIETATE INTELECTUAL\u0102<\/strong><\/p><p>Digitalaqua ofer\u0103 acces liber la www.farmaciauniversitara.ro \u0219i v\u0103 autorizeaz\u0103 s\u0103 vizualiza\u021bi\u00a0 con\u021binutul website-ului dar nu v\u0103 ofer\u0103 dreptul de a transmite informa\u021bii de pe website f\u0103r\u0103 acceptul \u00een prealabil a\u00a0 Zen Pharma SRL\u00a0 prin E-mail sau scrisoare scris\u0103.<\/p><p>Con\u021binutul acestui site, textele, grafica, fotografiile, logo-urile \u0219i orice alte material prezente pe website-ul www.farmaciauniversitara.ro sunt protejate de legea dreptului de autor \u0219i sunt proprietatea\u00a0 Zen Pharma SRL .<\/p><p>Niciun material de pe acest site nu poate fi reprodus par\u021bial sau integra sau modificat f\u0103r\u0103 citarea sursei \u0219i permisiunea anterioar\u0103 explicit\u0103 prin acord scris sau electronic. Nesupunerea implic\u0103 r\u0103spunderea civil\u0103 sau penal\u0103 pentru astfel de ac\u021biuni.<\/p><p>Orice eventual litigiu \u00een legatur\u0103 cu acest site este de competen\u021ba instan\u021belor de drept comun din Rom\u00e2nia.<\/p><p>Aici reg\u0103se\u0219ti <strong><a href=\"https:\/\/farmaciauniversitara\/politica-de-confidentialitate\/\" target=\"_blank\" rel=\"noopener noreferrer\">politica de confiden\u021bialitate.<\/a><\/strong><\/p><p>Zen Pharma SRL poate schimba oric\u00e2nd ace\u0219ti termeni \u0219i condi\u021bii f\u0103r\u0103 a anun\u021ba \u00een prealabil, te rug\u0103m s\u0103 accesezi aceast\u0103 pagin\u0103 de oric\u00e2te ori ai ocazia.<\/p>\t\t\t\t\t\t\t\t<\/div>\n\t\t\t\t\t<\/div>\n\t\t\t\t<\/div>\n\t\t\t\t<\/div>\n\t\t","protected":false},"excerpt":{"rendered":"<p>Site-ul\u00a0www.farmaciauniversitara.ro este proprietatea Zen Pharma SRL, cu sediul \u00een T\u00e2rgu Mure\u0219, Strada PICTOR NICOLAE GRIGORESCU nr. 33, jud. Mures, \u00eenregistrat\u0103 la Registrul Comer\u021bului sub nr J2010000393260 av\u00e2nd cod fiscal CUI: 27059328 Acest document stabile\u0219te termenii si condi\u021biile \u00een care puteti utiliza site-ul www.farmaciauniversitara.ro\u00a0denumit \u00een continuare ca \u201esite\u201d. Accesul si utilizarea www.farmaciauniversitara.ro se face sub autoritatea [&hellip;]<\/p>\n","protected":false},"author":1,"featured_media":0,"parent":0,"menu_order":0,"comment_status":"closed","ping_status":"closed","template":"elementor_header_footer","meta":{"footnotes":""},"class_list":["post-755","page","type-page","status-publish","hentry"],"_links":{"self":[{"href":"https:\/\/farmaciauniversitara.ro\/hu\/wp-json\/wp\/v2\/pages\/755","targetHints":{"allow":["GET"]}}],"collection":[{"href":"https:\/\/farmaciauniversitara.ro\/hu\/wp-json\/wp\/v2\/pages"}],"about":[{"href":"https:\/\/farmaciauniversitara.ro\/hu\/wp-json\/wp\/v2\/types\/page"}],"author":[{"embeddable":true,"href":"https:\/\/farmaciauniversitara.ro\/hu\/wp-json\/wp\/v2\/users\/1"}],"replies":[{"embeddable":true,"href":"https:\/\/farmaciauniversitara.ro\/hu\/wp-json\/wp\/v2\/comments?post=755"}],"version-history":[{"count":10,"href":"https:\/\/farmaciauniversitara.ro\/hu\/wp-json\/wp\/v2\/pages\/755\/revisions"}],"predecessor-version":[{"id":881,"href":"https:\/\/farmaciauniversitara.ro\/hu\/wp-json\/wp\/v2\/pages\/755\/revisions\/881"}],"wp:attachment":[{"href":"https:\/\/farmaciauniversitara.ro\/hu\/wp-json\/wp\/v2\/media?parent=755"}],"curies":[{"name":"wp","href":"https:\/\/api.w.org\/{rel}","templated":true}]}}