{"id":727,"date":"2025-12-13T13:47:54","date_gmt":"2025-12-13T10:47:54","guid":{"rendered":"https:\/\/farmaciauniversitara.ro\/?page_id=727"},"modified":"2026-01-10T10:05:04","modified_gmt":"2026-01-10T07:05:04","slug":"oktatas-es-kozosseg","status":"publish","type":"page","link":"https:\/\/farmaciauniversitara.ro\/hu\/oktatas-es-kozosseg\/","title":{"rendered":"Oktat\u00e1s \u00e9s k\u00f6z\u00f6ss\u00e9g"},"content":{"rendered":"\t\t<div data-elementor-type=\"wp-page\" data-elementor-id=\"727\" class=\"elementor elementor-727 elementor-176\" data-elementor-post-type=\"page\">\n\t\t\t\t<div class=\"elementor-element elementor-element-3928025 e-flex e-con-boxed e-con e-parent\" data-id=\"3928025\" data-element_type=\"container\" data-e-type=\"container\" data-settings=\"{&quot;background_background&quot;:&quot;classic&quot;}\">\n\t\t\t\t\t<div class=\"e-con-inner\">\n\t\t\t\t<div class=\"elementor-element elementor-element-a292657 elementor-widget elementor-widget-spacer\" data-id=\"a292657\" data-element_type=\"widget\" data-e-type=\"widget\" data-widget_type=\"spacer.default\">\n\t\t\t\t\t\t\t<div class=\"elementor-spacer\">\n\t\t\t<div class=\"elementor-spacer-inner\"><\/div>\n\t\t<\/div>\n\t\t\t\t\t\t<\/div>\n\t\t\t\t<div class=\"elementor-element elementor-element-191b734 elementor-widget elementor-widget-spacer\" data-id=\"191b734\" data-element_type=\"widget\" data-e-type=\"widget\" data-widget_type=\"spacer.default\">\n\t\t\t\t\t\t\t<div class=\"elementor-spacer\">\n\t\t\t<div class=\"elementor-spacer-inner\"><\/div>\n\t\t<\/div>\n\t\t\t\t\t\t<\/div>\n\t\t\t\t<div class=\"elementor-element elementor-element-9729a10 elementor-grid-3 elementor-grid-tablet-2 elementor-grid-mobile-1 elementor-posts--thumbnail-top elementor-posts__hover-gradient elementor-widget elementor-widget-posts\" data-id=\"9729a10\" data-element_type=\"widget\" data-e-type=\"widget\" data-settings=\"{&quot;cards_columns&quot;:&quot;3&quot;,&quot;cards_columns_tablet&quot;:&quot;2&quot;,&quot;cards_columns_mobile&quot;:&quot;1&quot;,&quot;cards_row_gap&quot;:{&quot;unit&quot;:&quot;px&quot;,&quot;size&quot;:35,&quot;sizes&quot;:[]},&quot;cards_row_gap_tablet&quot;:{&quot;unit&quot;:&quot;px&quot;,&quot;size&quot;:&quot;&quot;,&quot;sizes&quot;:[]},&quot;cards_row_gap_mobile&quot;:{&quot;unit&quot;:&quot;px&quot;,&quot;size&quot;:&quot;&quot;,&quot;sizes&quot;:[]}}\" data-widget_type=\"posts.cards\">\n\t\t\t\t<div class=\"elementor-widget-container\">\n\t\t\t\t\t\t\t<div class=\"elementor-posts-container elementor-posts elementor-posts--skin-cards elementor-grid\" role=\"list\">\n\t\t\t\t<article class=\"elementor-post elementor-grid-item post-945 post type-post status-publish format-standard has-post-thumbnail hentry category-educatie-comunitate\" role=\"listitem\">\n\t\t\t<div class=\"elementor-post__card\">\n\t\t\t\t<a class=\"elementor-post__thumbnail__link\" href=\"https:\/\/farmaciauniversitara.ro\/hu\/mikor-veszelyeztetheti-az-egeszseget-a-gyogyszer-szedesenek-abbahagyasa\/\" tabindex=\"-1\" ><div class=\"elementor-post__thumbnail\"><img fetchpriority=\"high\" decoding=\"async\" width=\"800\" height=\"534\" src=\"https:\/\/farmaciauniversitara.ro\/wp-content\/uploads\/2026\/03\/cand_oprirea_unui_medicament_iti_poate_pune_sanatatea_in_pericol-1024x684.jpg\" class=\"attachment-large size-large wp-image-946\" alt=\"\" srcset=\"https:\/\/farmaciauniversitara.ro\/wp-content\/uploads\/2026\/03\/cand_oprirea_unui_medicament_iti_poate_pune_sanatatea_in_pericol-1024x684.jpg 1024w, https:\/\/farmaciauniversitara.ro\/wp-content\/uploads\/2026\/03\/cand_oprirea_unui_medicament_iti_poate_pune_sanatatea_in_pericol-300x200.jpg 300w, https:\/\/farmaciauniversitara.ro\/wp-content\/uploads\/2026\/03\/cand_oprirea_unui_medicament_iti_poate_pune_sanatatea_in_pericol-768x513.jpg 768w, https:\/\/farmaciauniversitara.ro\/wp-content\/uploads\/2026\/03\/cand_oprirea_unui_medicament_iti_poate_pune_sanatatea_in_pericol.jpg 1339w\" sizes=\"(max-width: 800px) 100vw, 800px\" \/><\/div><\/a>\n\t\t\t\t<div class=\"elementor-post__badge\">Educa\u021bie &amp; Comunitate<\/div>\n\t\t\t\t<div class=\"elementor-post__text\">\n\t\t\t\t<div class=\"elementor-post__title\">\n\t\t\t<a href=\"https:\/\/farmaciauniversitara.ro\/hu\/mikor-veszelyeztetheti-az-egeszseget-a-gyogyszer-szedesenek-abbahagyasa\/\" >\n\t\t\t\tMikor vesz\u00e9lyeztetheti az eg\u00e9szs\u00e9g\u00e9t a gy\u00f3gyszer szed\u00e9s\u00e9nek abbahagy\u00e1sa?\t\t\t<\/a>\n\t\t<\/div>\n\t\t\n\t\t<a class=\"elementor-post__read-more\" href=\"https:\/\/farmaciauniversitara.ro\/hu\/mikor-veszelyeztetheti-az-egeszseget-a-gyogyszer-szedesenek-abbahagyasa\/\" aria-label=\"Read more about Mikor vesz\u00e9lyeztetheti az eg\u00e9szs\u00e9g\u00e9t a gy\u00f3gyszer szed\u00e9s\u00e9nek abbahagy\u00e1sa?\" tabindex=\"-1\" >\n\t\t\tMai mult \u00bb\t\t<\/a>\n\n\t\t\t\t<\/div>\n\t\t\t\t<div class=\"elementor-post__meta-data\">\n\t\t\t\t\t<span class=\"elementor-post-date\">\n\t\t\t2026.03.10.\t\t<\/span>\n\t\t\t\t<span class=\"elementor-post-avatar\">\n\t\t\tNincs hozz\u00e1sz\u00f3l\u00e1s\t\t<\/span>\n\t\t\t\t<\/div>\n\t\t\t\t\t<\/div>\n\t\t<\/article>\n\t\t\t\t<article class=\"elementor-post elementor-grid-item post-913 post type-post status-publish format-standard has-post-thumbnail hentry\" role=\"listitem\">\n\t\t\t<div class=\"elementor-post__card\">\n\t\t\t\t<a class=\"elementor-post__thumbnail__link\" href=\"https:\/\/farmaciauniversitara.ro\/hu\/sztatinok-es-grapefruit-a-potencialisan-veszelyes-kombinacio\/\" tabindex=\"-1\" ><div class=\"elementor-post__thumbnail\"><img decoding=\"async\" width=\"800\" height=\"431\" src=\"https:\/\/farmaciauniversitara.ro\/wp-content\/uploads\/2025\/12\/Statine-si-grapefruit-combinatia-care-poate-deveni-periculoasa-1024x552.webp\" class=\"attachment-large size-large wp-image-912\" alt=\"\" srcset=\"https:\/\/farmaciauniversitara.ro\/wp-content\/uploads\/2025\/12\/Statine-si-grapefruit-combinatia-care-poate-deveni-periculoasa-1024x552.webp 1024w, https:\/\/farmaciauniversitara.ro\/wp-content\/uploads\/2025\/12\/Statine-si-grapefruit-combinatia-care-poate-deveni-periculoasa-300x162.webp 300w, https:\/\/farmaciauniversitara.ro\/wp-content\/uploads\/2025\/12\/Statine-si-grapefruit-combinatia-care-poate-deveni-periculoasa-768x414.webp 768w, https:\/\/farmaciauniversitara.ro\/wp-content\/uploads\/2025\/12\/Statine-si-grapefruit-combinatia-care-poate-deveni-periculoasa-1536x828.webp 1536w, https:\/\/farmaciauniversitara.ro\/wp-content\/uploads\/2025\/12\/Statine-si-grapefruit-combinatia-care-poate-deveni-periculoasa.webp 2048w\" sizes=\"(max-width: 800px) 100vw, 800px\" \/><\/div><\/a>\n\t\t\t\t<div class=\"elementor-post__text\">\n\t\t\t\t<div class=\"elementor-post__title\">\n\t\t\t<a href=\"https:\/\/farmaciauniversitara.ro\/hu\/sztatinok-es-grapefruit-a-potencialisan-veszelyes-kombinacio\/\" >\n\t\t\t\tSztatinok \u00e9s grapefruit: a potenci\u00e1lisan vesz\u00e9lyes kombin\u00e1ci\u00f3\t\t\t<\/a>\n\t\t<\/div>\n\t\t\n\t\t<a class=\"elementor-post__read-more\" href=\"https:\/\/farmaciauniversitara.ro\/hu\/sztatinok-es-grapefruit-a-potencialisan-veszelyes-kombinacio\/\" aria-label=\"Read more about Sztatinok \u00e9s grapefruit: a potenci\u00e1lisan vesz\u00e9lyes kombin\u00e1ci\u00f3\" tabindex=\"-1\" >\n\t\t\tMai mult \u00bb\t\t<\/a>\n\n\t\t\t\t<\/div>\n\t\t\t\t<div class=\"elementor-post__meta-data\">\n\t\t\t\t\t<span class=\"elementor-post-date\">\n\t\t\t2026.01.09.\t\t<\/span>\n\t\t\t\t<span class=\"elementor-post-avatar\">\n\t\t\tNincs hozz\u00e1sz\u00f3l\u00e1s\t\t<\/span>\n\t\t\t\t<\/div>\n\t\t\t\t\t<\/div>\n\t\t<\/article>\n\t\t\t\t<\/div>\n\t\t\n\t\t\t\t\t\t<\/div>\n\t\t\t\t<\/div>\n\t\t\t\t<div class=\"elementor-element elementor-element-8227d2c elementor-widget elementor-widget-spacer\" data-id=\"8227d2c\" data-element_type=\"widget\" data-e-type=\"widget\" data-widget_type=\"spacer.default\">\n\t\t\t\t\t\t\t<div class=\"elementor-spacer\">\n\t\t\t<div class=\"elementor-spacer-inner\"><\/div>\n\t\t<\/div>\n\t\t\t\t\t\t<\/div>\n\t\t\t\t\t<\/div>\n\t\t\t\t<\/div>\n\t\t<div class=\"elementor-element elementor-element-57afe63 e-flex e-con-boxed e-con e-parent\" data-id=\"57afe63\" data-element_type=\"container\" data-e-type=\"container\">\n\t\t\t\t\t<div class=\"e-con-inner\">\n\t\t\t\t<div class=\"elementor-element elementor-element-1135e90 elementor-widget elementor-widget-heading\" data-id=\"1135e90\" data-element_type=\"widget\" data-e-type=\"widget\" data-widget_type=\"heading.default\">\n\t\t\t\t\t<div class=\"elementor-heading-title elementor-size-default\">Oktat\u00e1si Vide\u00f3k<\/div>\t\t\t\t<\/div>\n\t\t\t\t<div class=\"elementor-element elementor-element-ab626fd elementor-widget elementor-widget-spacer\" data-id=\"ab626fd\" data-element_type=\"widget\" data-e-type=\"widget\" data-widget_type=\"spacer.default\">\n\t\t\t\t\t\t\t<div class=\"elementor-spacer\">\n\t\t\t<div class=\"elementor-spacer-inner\"><\/div>\n\t\t<\/div>\n\t\t\t\t\t\t<\/div>\n\t\t<div class=\"elementor-element elementor-element-091a46c e-grid e-con-full elementor-hidden-desktop elementor-hidden-tablet elementor-hidden-mobile e-con e-child\" data-id=\"091a46c\" data-element_type=\"container\" data-e-type=\"container\">\n\t\t\t\t<div class=\"elementor-element elementor-element-7cfe042 elementor-widget elementor-widget-video\" data-id=\"7cfe042\" data-element_type=\"widget\" data-e-type=\"widget\" data-settings=\"{&quot;youtube_url&quot;:&quot;https:\\\/\\\/www.youtube.com\\\/watch?v=XHOmBV4js_E&quot;,&quot;video_type&quot;:&quot;youtube&quot;,&quot;controls&quot;:&quot;yes&quot;}\" data-widget_type=\"video.default\">\n\t\t\t\t\t\t\t<div class=\"elementor-wrapper elementor-open-inline\">\n\t\t\t<div class=\"elementor-video\"><\/div>\t\t<\/div>\n\t\t\t\t\t\t<\/div>\n\t\t\t\t<div class=\"elementor-element elementor-element-9955c2d elementor-widget elementor-widget-video\" data-id=\"9955c2d\" data-element_type=\"widget\" data-e-type=\"widget\" data-settings=\"{&quot;youtube_url&quot;:&quot;https:\\\/\\\/www.youtube.com\\\/watch?v=XHOmBV4js_E&quot;,&quot;video_type&quot;:&quot;youtube&quot;,&quot;controls&quot;:&quot;yes&quot;}\" data-widget_type=\"video.default\">\n\t\t\t\t\t\t\t<div class=\"elementor-wrapper elementor-open-inline\">\n\t\t\t<div class=\"elementor-video\"><\/div>\t\t<\/div>\n\t\t\t\t\t\t<\/div>\n\t\t\t\t<div class=\"elementor-element elementor-element-63459ae elementor-widget elementor-widget-video\" data-id=\"63459ae\" data-element_type=\"widget\" data-e-type=\"widget\" data-settings=\"{&quot;youtube_url&quot;:&quot;https:\\\/\\\/www.youtube.com\\\/watch?v=XHOmBV4js_E&quot;,&quot;video_type&quot;:&quot;youtube&quot;,&quot;controls&quot;:&quot;yes&quot;}\" data-widget_type=\"video.default\">\n\t\t\t\t\t\t\t<div class=\"elementor-wrapper elementor-open-inline\">\n\t\t\t<div class=\"elementor-video\"><\/div>\t\t<\/div>\n\t\t\t\t\t\t<\/div>\n\t\t\t\t<\/div>\n\t\t\t\t\t<\/div>\n\t\t\t\t<\/div>\n\t\t\t\t<\/div>\n\t\t","protected":false},"excerpt":{"rendered":"<p>Oktat\u00e1si Vide\u00f3k https:\/\/www.youtube.com\/watch?v=XHOmBV4js_Ehttps:\/\/www.youtube.com\/watch?v=XHOmBV4js_Ehttps:\/\/www.youtube.com\/watch?v=XHOmBV4js_E<\/p>\n","protected":false},"author":1,"featured_media":726,"parent":0,"menu_order":0,"comment_status":"closed","ping_status":"closed","template":"elementor_header_footer","meta":{"footnotes":""},"class_list":["post-727","page","type-page","status-publish","has-post-thumbnail","hentry"],"_links":{"self":[{"href":"https:\/\/farmaciauniversitara.ro\/hu\/wp-json\/wp\/v2\/pages\/727","targetHints":{"allow":["GET"]}}],"collection":[{"href":"https:\/\/farmaciauniversitara.ro\/hu\/wp-json\/wp\/v2\/pages"}],"about":[{"href":"https:\/\/farmaciauniversitara.ro\/hu\/wp-json\/wp\/v2\/types\/page"}],"author":[{"embeddable":true,"href":"https:\/\/farmaciauniversitara.ro\/hu\/wp-json\/wp\/v2\/users\/1"}],"replies":[{"embeddable":true,"href":"https:\/\/farmaciauniversitara.ro\/hu\/wp-json\/wp\/v2\/comments?post=727"}],"version-history":[{"count":8,"href":"https:\/\/farmaciauniversitara.ro\/hu\/wp-json\/wp\/v2\/pages\/727\/revisions"}],"predecessor-version":[{"id":930,"href":"https:\/\/farmaciauniversitara.ro\/hu\/wp-json\/wp\/v2\/pages\/727\/revisions\/930"}],"wp:featuredmedia":[{"embeddable":true,"href":"https:\/\/farmaciauniversitara.ro\/hu\/wp-json\/wp\/v2\/media\/726"}],"wp:attachment":[{"href":"https:\/\/farmaciauniversitara.ro\/hu\/wp-json\/wp\/v2\/media?parent=727"}],"curies":[{"name":"wp","href":"https:\/\/api.w.org\/{rel}","templated":true}]}}